{"id":442,"date":"2024-02-12T10:31:29","date_gmt":"2024-02-12T09:31:29","guid":{"rendered":"https:\/\/rent-vitaliti.com\/?page_id=442"},"modified":"2025-06-07T00:43:51","modified_gmt":"2025-06-06T22:43:51","slug":"nos-appartements","status":"publish","type":"page","link":"https:\/\/rent-vitaliti.com\/index.php\/nos-appartements\/","title":{"rendered":"Nos appartements"},"content":{"rendered":"\t\t<div data-elementor-type=\"wp-page\" data-elementor-id=\"442\" class=\"elementor elementor-442\">\n\t\t\t\t<div class=\"elementor-element elementor-element-1f56bec e-flex e-con-boxed e-con e-parent\" data-id=\"1f56bec\" data-element_type=\"container\">\n\t\t\t\t\t<div class=\"e-con-inner\">\n\t\t<div class=\"elementor-element elementor-element-554e069 e-flex e-con-boxed e-con e-child\" data-id=\"554e069\" data-element_type=\"container\" data-settings=\"{&quot;background_background&quot;:&quot;classic&quot;}\">\n\t\t\t\t\t<div class=\"e-con-inner\">\n\t\t<div class=\"elementor-element elementor-element-03caf4a e-con-full e-flex e-con e-child\" data-id=\"03caf4a\" data-element_type=\"container\">\n\t\t\t\t<div class=\"elementor-element elementor-element-69b9367 elementor-widget elementor-widget-heading\" data-id=\"69b9367\" data-element_type=\"widget\" data-widget_type=\"heading.default\">\n\t\t\t\t<div class=\"elementor-widget-container\">\n\t\t\t\t\t<h2 class=\"elementor-heading-title elementor-size-default\">R\u00e9servez directement sur l'application Airbnb !<\/h2>\t\t\t\t<\/div>\n\t\t\t\t<\/div>\n\t\t\t\t<div class=\"elementor-element elementor-element-8f2f95c elementor-widget elementor-widget-text-editor\" data-id=\"8f2f95c\" data-element_type=\"widget\" data-widget_type=\"text-editor.default\">\n\t\t\t\t<div class=\"elementor-widget-container\">\n\t\t\t\t\t\t\t\t\t<p>Explorez notre s\u00e9lection de plus de trente logements et r\u00e9servez d\u00e8s maintenant.<\/p><p>Pour toute question ou information suppl\u00e9mentaire, n&rsquo;h\u00e9sitez pas \u00e0 nous contacter. Choisissez l&rsquo;option qui correspond le mieux \u00e0 vos besoins et pr\u00e9parez-vous \u00e0 vivre une exp\u00e9rience unique !<\/p>\t\t\t\t\t\t\t\t<\/div>\n\t\t\t\t<\/div>\n\t\t<div class=\"elementor-element elementor-element-c7f8d84 e-flex e-con-boxed e-con e-child\" data-id=\"c7f8d84\" data-element_type=\"container\">\n\t\t\t\t\t<div class=\"e-con-inner\">\n\t\t\t\t<div class=\"elementor-element elementor-element-327becf elementor-align-center elementor-widget elementor-widget-button\" data-id=\"327becf\" data-element_type=\"widget\" data-widget_type=\"button.default\">\n\t\t\t\t<div class=\"elementor-widget-container\">\n\t\t\t\t\t\t\t\t\t<div class=\"elementor-button-wrapper\">\n\t\t\t\t\t<a class=\"elementor-button elementor-button-link elementor-size-sm\" href=\"https:\/\/www.airbnb.fr\/users\/show\/382211412\" target=\"_blank\">\n\t\t\t\t\t\t<span class=\"elementor-button-content-wrapper\">\n\t\t\t\t\t\t\t\t\t<span class=\"elementor-button-text\">JE CHERCHE MON LOGEMENT<\/span>\n\t\t\t\t\t<\/span>\n\t\t\t\t\t<\/a>\n\t\t\t\t<\/div>\n\t\t\t\t\t\t\t\t<\/div>\n\t\t\t\t<\/div>\n\t\t\t\t\t<\/div>\n\t\t\t\t<\/div>\n\t\t\t\t<\/div>\n\t\t<div class=\"elementor-element elementor-element-8cf6e0f e-con-full e-flex e-con e-child\" data-id=\"8cf6e0f\" data-element_type=\"container\">\n\t\t\t\t<div class=\"elementor-element elementor-element-93eb7c5 elementor-widget elementor-widget-image\" data-id=\"93eb7c5\" data-element_type=\"widget\" data-widget_type=\"image.default\">\n\t\t\t\t<div class=\"elementor-widget-container\">\n\t\t\t\t\t\t\t\t\t\t\t\t\t\t\t\t<a href=\"https:\/\/www.airbnb.fr\/users\/show\/34769318\" target=\"_blank\">\n\t\t\t\t\t\t\t<img fetchpriority=\"high\" decoding=\"async\" width=\"1024\" height=\"576\" src=\"https:\/\/rent-vitaliti.com\/wp-content\/uploads\/2024\/02\/location-airbnb.jpg\" class=\"attachment-large size-large wp-image-116\" alt=\"Location Airbnb Rani Salame\" srcset=\"https:\/\/rent-vitaliti.com\/wp-content\/uploads\/2024\/02\/location-airbnb.jpg 1024w, https:\/\/rent-vitaliti.com\/wp-content\/uploads\/2024\/02\/location-airbnb-300x169.jpg 300w, https:\/\/rent-vitaliti.com\/wp-content\/uploads\/2024\/02\/location-airbnb-768x432.jpg 768w, https:\/\/rent-vitaliti.com\/wp-content\/uploads\/2024\/02\/location-airbnb-600x338.jpg 600w\" sizes=\"(max-width: 1024px) 100vw, 1024px\" \/>\t\t\t\t\t\t\t\t<\/a>\n\t\t\t\t\t\t\t\t\t\t\t\t\t\t\t<\/div>\n\t\t\t\t<\/div>\n\t\t\t\t<div class=\"elementor-element elementor-element-c16e3db elementor-widget elementor-widget-image\" data-id=\"c16e3db\" data-element_type=\"widget\" data-widget_type=\"image.default\">\n\t\t\t\t<div class=\"elementor-widget-container\">\n\t\t\t\t\t\t\t\t\t\t\t\t\t\t\t<img decoding=\"async\" width=\"307\" height=\"164\" src=\"https:\/\/rent-vitaliti.com\/wp-content\/uploads\/2024\/02\/super.png\" class=\"attachment-medium_large size-medium_large wp-image-114\" alt=\"Location Airbnb SuperHost Rani Salame\" srcset=\"https:\/\/rent-vitaliti.com\/wp-content\/uploads\/2024\/02\/super.png 307w, https:\/\/rent-vitaliti.com\/wp-content\/uploads\/2024\/02\/super-300x160.png 300w\" sizes=\"(max-width: 307px) 100vw, 307px\" \/>\t\t\t\t\t\t\t\t\t\t\t\t\t\t\t<\/div>\n\t\t\t\t<\/div>\n\t\t\t\t<\/div>\n\t\t\t\t\t<\/div>\n\t\t\t\t<\/div>\n\t\t\t\t\t<\/div>\n\t\t\t\t<\/div>\n\t\t\t\t<\/div>\n\t\t","protected":false},"excerpt":{"rendered":"<p>R\u00e9servez directement sur l&rsquo;application Airbnb ! Explorez notre s\u00e9lection de plus de trente logements et r\u00e9servez d\u00e8s maintenant. Pour toute question ou information suppl\u00e9mentaire, n&rsquo;h\u00e9sitez pas \u00e0 nous contacter. Choisissez l&rsquo;option qui correspond le mieux \u00e0 vos besoins et pr\u00e9parez-vous \u00e0 vivre une exp\u00e9rience unique ! JE CHERCHE MON LOGEMENT<\/p>\n","protected":false},"author":1,"featured_media":0,"parent":0,"menu_order":0,"comment_status":"closed","ping_status":"closed","template":"","meta":{"om_disable_all_campaigns":false,"_monsterinsights_skip_tracking":false,"_monsterinsights_sitenote_active":false,"_monsterinsights_sitenote_note":"","_monsterinsights_sitenote_category":0,"footnotes":""},"aioseo_notices":[],"_links":{"self":[{"href":"https:\/\/rent-vitaliti.com\/index.php\/wp-json\/wp\/v2\/pages\/442"}],"collection":[{"href":"https:\/\/rent-vitaliti.com\/index.php\/wp-json\/wp\/v2\/pages"}],"about":[{"href":"https:\/\/rent-vitaliti.com\/index.php\/wp-json\/wp\/v2\/types\/page"}],"author":[{"embeddable":true,"href":"https:\/\/rent-vitaliti.com\/index.php\/wp-json\/wp\/v2\/users\/1"}],"replies":[{"embeddable":true,"href":"https:\/\/rent-vitaliti.com\/index.php\/wp-json\/wp\/v2\/comments?post=442"}],"version-history":[{"count":19,"href":"https:\/\/rent-vitaliti.com\/index.php\/wp-json\/wp\/v2\/pages\/442\/revisions"}],"predecessor-version":[{"id":611,"href":"https:\/\/rent-vitaliti.com\/index.php\/wp-json\/wp\/v2\/pages\/442\/revisions\/611"}],"wp:attachment":[{"href":"https:\/\/rent-vitaliti.com\/index.php\/wp-json\/wp\/v2\/media?parent=442"}],"curies":[{"name":"wp","href":"https:\/\/api.w.org\/{rel}","templated":true}]}}