{"id":668,"date":"2025-06-29T19:24:15","date_gmt":"2025-06-29T17:24:15","guid":{"rendered":"https:\/\/rent-vitaliti.com\/?page_id=668"},"modified":"2025-06-29T19:30:41","modified_gmt":"2025-06-29T17:30:41","slug":"estimer","status":"publish","type":"page","link":"https:\/\/rent-vitaliti.com\/index.php\/estimer\/","title":{"rendered":"Estimer votre bien"},"content":{"rendered":"\t\t<div data-elementor-type=\"wp-page\" data-elementor-id=\"668\" class=\"elementor elementor-668\">\n\t\t\t\t<div class=\"elementor-element elementor-element-283ffd3 e-flex e-con-boxed e-con e-parent\" data-id=\"283ffd3\" data-element_type=\"container\">\n\t\t\t\t\t<div class=\"e-con-inner\">\n\t\t\t\t<div class=\"elementor-element elementor-element-cbfbd9f elementor-widget elementor-widget-wpforms\" data-id=\"cbfbd9f\" data-element_type=\"widget\" data-widget_type=\"wpforms.default\">\n\t\t\t\t<div class=\"elementor-widget-container\">\n\t\t\t\t\t<style id=\"wpforms-css-vars-elementor-widget-cbfbd9f\">\n\t\t\t\t.elementor-widget-wpforms.elementor-element-cbfbd9f {\n\t\t\t\t--wpforms-field-size-input-height: 43px;\n--wpforms-field-size-input-spacing: 15px;\n--wpforms-field-size-font-size: 16px;\n--wpforms-field-size-line-height: 19px;\n--wpforms-field-size-padding-h: 14px;\n--wpforms-field-size-checkbox-size: 16px;\n--wpforms-field-size-sublabel-spacing: 5px;\n--wpforms-field-size-icon-size: 1;\n--wpforms-label-size-font-size: 16px;\n--wpforms-label-size-line-height: 19px;\n--wpforms-label-size-sublabel-font-size: 14px;\n--wpforms-label-size-sublabel-line-height: 17px;\n--wpforms-button-size-font-size: 17px;\n--wpforms-button-size-height: 41px;\n--wpforms-button-size-padding-h: 15px;\n--wpforms-button-size-margin-top: 10px;\n\n\t\t\t}\n\t\t\t<\/style><div class=\"wpforms-container wpforms-container-full wpforms-render-modern\" id=\"wpforms-661\"><form id=\"wpforms-form-661\" class=\"wpforms-validate wpforms-form wpforms-ajax-form\" data-formid=\"661\" method=\"post\" enctype=\"multipart\/form-data\" action=\"\/index.php\/wp-json\/wp\/v2\/pages\/668\" data-token=\"4ce4a654a78fdde7dcacf20bdb57012e\" data-token-time=\"1776605607\"><div class=\"wpforms-head-container\"><div class=\"wpforms-title\">Estimez les revenus de votre bien en location courte dur\u00e9e<\/div><div class=\"wpforms-description\">Vous \u00eates propri\u00e9taire d\u2019un appartement, d\u2019une maison ou d\u2019un studio ? Confiez-nous la gestion de votre bien et profitez d\u2019un revenu optimis\u00e9 en toute tranquillit\u00e9. Remplissez simplement le formulaire ci-dessous pour recevoir une estimation personnalis\u00e9e et gratuite de vos futurs gains.<\/div><\/div><noscript class=\"wpforms-error-noscript\">Veuillez activer JavaScript dans votre navigateur pour remplir ce formulaire.<\/noscript><div class=\"wpforms-hidden\" id=\"wpforms-error-noscript\">Veuillez activer JavaScript dans votre navigateur pour remplir ce formulaire.<\/div><div class=\"wpforms-field-container\">\t\t<div id=\"wpforms-661-field_4-container\"\n\t\t\tclass=\"wpforms-field wpforms-field-text\"\n\t\t\tdata-field-type=\"text\"\n\t\t\tdata-field-id=\"4\"\n\t\t\t>\n\t\t\t<label class=\"wpforms-field-label\" for=\"wpforms-661-field_4\" >Postal, Nombre Ville)<\/label>\n\t\t\t<input type=\"text\" id=\"wpforms-661-field_4\" class=\"wpforms-field-medium\" name=\"wpforms[fields][4]\" >\n\t\t<\/div>\n\t\t<div id=\"wpforms-661-field_1-container\" class=\"wpforms-field wpforms-field-name\" data-field-id=\"1\"><fieldset><legend class=\"wpforms-field-label\">Vous <span class=\"wpforms-required-label\" aria-hidden=\"true\">*<\/span><\/legend><div class=\"wpforms-field-row wpforms-field-medium\"><div class=\"wpforms-field-row-block wpforms-first wpforms-one-half\"><input type=\"text\" id=\"wpforms-661-field_1\" class=\"wpforms-field-name-first wpforms-field-required\" name=\"wpforms[fields][1][first]\" aria-errormessage=\"wpforms-661-field_1-error\" required><label for=\"wpforms-661-field_1\" class=\"wpforms-field-sublabel after\">Pr\u00e9nom<\/label><\/div><div class=\"wpforms-field-row-block wpforms-one-half\"><input type=\"text\" id=\"wpforms-661-field_1-last\" class=\"wpforms-field-name-last wpforms-field-required\" name=\"wpforms[fields][1][last]\" aria-errormessage=\"wpforms-661-field_1-last-error\" required><label for=\"wpforms-661-field_1-last\" class=\"wpforms-field-sublabel after\">Nom<\/label><\/div><\/div><\/fieldset><\/div><div id=\"wpforms-661-field_2-container\" class=\"wpforms-field wpforms-field-email\" data-field-id=\"2\"><label class=\"wpforms-field-label\" for=\"wpforms-661-field_2\">Email <span class=\"wpforms-required-label\" aria-hidden=\"true\">*<\/span><\/label><input type=\"email\" id=\"wpforms-661-field_2\" class=\"wpforms-field-medium wpforms-field-required\" name=\"wpforms[fields][2]\" spellcheck=\"false\" aria-errormessage=\"wpforms-661-field_2-error\" required><\/div><div id=\"wpforms-661-field_3-container\" class=\"wpforms-field wpforms-field-text\" data-field-id=\"3\"><label class=\"wpforms-field-label\" for=\"wpforms-661-field_3\">Num\u00e9ro de t\u00e9l\u00e9phone<\/label><input type=\"text\" id=\"wpforms-661-field_3\" class=\"wpforms-field-medium\" name=\"wpforms[fields][3]\" aria-errormessage=\"wpforms-661-field_3-error\" ><\/div><div id=\"wpforms-661-field_7-container\" class=\"wpforms-field wpforms-field-text\" data-field-id=\"7\"><label class=\"wpforms-field-label\" for=\"wpforms-661-field_7\">Votre bien : Adresse (Rue, Code Postal, Ville)<\/label><input type=\"text\" id=\"wpforms-661-field_7\" class=\"wpforms-field-medium\" name=\"wpforms[fields][7]\" aria-errormessage=\"wpforms-661-field_7-error\" ><\/div><div id=\"wpforms-661-field_8-container\" class=\"wpforms-field wpforms-field-number-slider\" data-field-id=\"8\"><label class=\"wpforms-field-label\" for=\"wpforms-661-field_8\">Nombre de chambres<\/label>\n<input\n\ttype=\"range\"\n\tid=\"wpforms-661-field_8\" class=\"wpforms-field-medium\" name=\"wpforms[fields][8]\" value=\"0\" aria-errormessage=\"wpforms-661-field_8-error\"\t\tmin=\"0\"\n\tmax=\"10\"\n\tstep=\"1\">\n\n<div class=\"wpforms-field-number-slider-hint\"\n\tdata-hint=\"Valeur s\u00e9lectionn\u00e9e\u00a0: {value}\">\n\tValeur s\u00e9lectionn\u00e9e\u00a0: <b>0<\/b><\/div>\n<\/div><div id=\"wpforms-661-field_9-container\" class=\"wpforms-field wpforms-field-number-slider\" data-field-id=\"9\"><label class=\"wpforms-field-label\" for=\"wpforms-661-field_9\">Nombre de personnes<\/label>\n<input\n\ttype=\"range\"\n\tid=\"wpforms-661-field_9\" class=\"wpforms-field-medium\" name=\"wpforms[fields][9]\" value=\"0\" aria-errormessage=\"wpforms-661-field_9-error\"\t\tmin=\"0\"\n\tmax=\"10\"\n\tstep=\"1\">\n\n<div class=\"wpforms-field-number-slider-hint\"\n\tdata-hint=\"Valeur s\u00e9lectionn\u00e9e\u00a0: {value}\">\n\tValeur s\u00e9lectionn\u00e9e\u00a0: <b>0<\/b><\/div>\n<\/div><div id=\"wpforms-661-field_11-container\" class=\"wpforms-field wpforms-field-text\" data-field-id=\"11\"><label class=\"wpforms-field-label\" for=\"wpforms-661-field_11\">Etage<\/label><input type=\"text\" id=\"wpforms-661-field_11\" class=\"wpforms-field-medium\" name=\"wpforms[fields][11]\" aria-errormessage=\"wpforms-661-field_11-error\" ><\/div><div id=\"wpforms-661-field_10-container\" class=\"wpforms-field wpforms-field-checkbox\" data-field-id=\"10\"><fieldset><legend class=\"wpforms-field-label\">Ascenseur<\/legend><ul id=\"wpforms-661-field_10\"><li class=\"choice-1 depth-1\"><input type=\"checkbox\" id=\"wpforms-661-field_10_1\" name=\"wpforms[fields][10][]\" value=\"Oui\" aria-errormessage=\"wpforms-661-field_10_1-error\"  ><label class=\"wpforms-field-label-inline\" for=\"wpforms-661-field_10_1\">Oui<\/label><\/li><li class=\"choice-2 depth-1\"><input type=\"checkbox\" id=\"wpforms-661-field_10_2\" name=\"wpforms[fields][10][]\" value=\"Non\" aria-errormessage=\"wpforms-661-field_10_2-error\"  ><label class=\"wpforms-field-label-inline\" for=\"wpforms-661-field_10_2\">Non<\/label><\/li><\/ul><\/fieldset><\/div><div id=\"wpforms-661-field_6-container\" class=\"wpforms-field wpforms-field-textarea\" data-field-id=\"6\"><label class=\"wpforms-field-label\" for=\"wpforms-661-field_6\">Informations suppl\u00e9mentaires<\/label><textarea id=\"wpforms-661-field_6\" class=\"wpforms-field-medium\" name=\"wpforms[fields][6]\" aria-errormessage=\"wpforms-661-field_6-error\" ><\/textarea><\/div><script>\n\t\t\t\t( function() {\n\t\t\t\t\tconst style = document.createElement( 'style' );\n\t\t\t\t\tstyle.appendChild( document.createTextNode( '#wpforms-661-field_4-container { position: absolute !important; overflow: hidden !important; display: inline !important; height: 1px !important; width: 1px !important; z-index: -1000 !important; padding: 0 !important; } #wpforms-661-field_4-container input { visibility: hidden; } #wpforms-conversational-form-page #wpforms-661-field_4-container label { counter-increment: none; }' ) );\n\t\t\t\t\tdocument.head.appendChild( style );\n\t\t\t\t\tdocument.currentScript?.remove();\n\t\t\t\t} )();\n\t\t\t<\/script><\/div><!-- .wpforms-field-container --><div class=\"wpforms-submit-container\" ><input type=\"hidden\" name=\"wpforms[id]\" value=\"661\"><input type=\"hidden\" name=\"page_title\" value=\"\"><input type=\"hidden\" name=\"page_url\" value=\"https:\/\/rent-vitaliti.com\/index.php\/wp-json\/wp\/v2\/pages\/668\"><input type=\"hidden\" name=\"url_referer\" value=\"\"><button type=\"submit\" name=\"wpforms[submit]\" id=\"wpforms-submit-661\" class=\"wpforms-submit\" data-alt-text=\"Sending...\" data-submit-text=\"Submit\" aria-live=\"assertive\" value=\"wpforms-submit\">Submit<\/button><img decoding=\"async\" src=\"https:\/\/rent-vitaliti.com\/wp-content\/plugins\/wpforms-lite\/assets\/images\/submit-spin.svg\" class=\"wpforms-submit-spinner\" style=\"display: none;\" width=\"26\" height=\"26\" alt=\"Chargement en cours\"><\/div><\/form><\/div>  <!-- .wpforms-container -->\t\t\t\t<\/div>\n\t\t\t\t<\/div>\n\t\t\t\t\t<\/div>\n\t\t\t\t<\/div>\n\t\t\t\t<\/div>\n\t\t","protected":false},"excerpt":{"rendered":"<p>Estimez les revenus de votre bien en location courte dur\u00e9eVous \u00eates propri\u00e9taire d\u2019un appartement, d\u2019une maison ou d\u2019un studio ? Confiez-nous la gestion de votre bien et profitez d\u2019un revenu optimis\u00e9 en toute tranquillit\u00e9. Remplissez simplement le formulaire ci-dessous pour recevoir une estimation personnalis\u00e9e et gratuite de vos futurs gains.Veuillez activer JavaScript dans votre navigateur &#8230; <a title=\"Estimer votre bien\" class=\"read-more\" href=\"https:\/\/rent-vitaliti.com\/index.php\/estimer\/\" aria-label=\"Read more about Estimer votre bien\">Lire la suite<\/a><\/p>\n","protected":false},"author":1,"featured_media":0,"parent":0,"menu_order":0,"comment_status":"closed","ping_status":"closed","template":"elementor_header_footer","meta":{"om_disable_all_campaigns":false,"_monsterinsights_skip_tracking":false,"_monsterinsights_sitenote_active":false,"_monsterinsights_sitenote_note":"","_monsterinsights_sitenote_category":0,"footnotes":""},"aioseo_notices":[],"_links":{"self":[{"href":"https:\/\/rent-vitaliti.com\/index.php\/wp-json\/wp\/v2\/pages\/668"}],"collection":[{"href":"https:\/\/rent-vitaliti.com\/index.php\/wp-json\/wp\/v2\/pages"}],"about":[{"href":"https:\/\/rent-vitaliti.com\/index.php\/wp-json\/wp\/v2\/types\/page"}],"author":[{"embeddable":true,"href":"https:\/\/rent-vitaliti.com\/index.php\/wp-json\/wp\/v2\/users\/1"}],"replies":[{"embeddable":true,"href":"https:\/\/rent-vitaliti.com\/index.php\/wp-json\/wp\/v2\/comments?post=668"}],"version-history":[{"count":6,"href":"https:\/\/rent-vitaliti.com\/index.php\/wp-json\/wp\/v2\/pages\/668\/revisions"}],"predecessor-version":[{"id":681,"href":"https:\/\/rent-vitaliti.com\/index.php\/wp-json\/wp\/v2\/pages\/668\/revisions\/681"}],"wp:attachment":[{"href":"https:\/\/rent-vitaliti.com\/index.php\/wp-json\/wp\/v2\/media?parent=668"}],"curies":[{"name":"wp","href":"https:\/\/api.w.org\/{rel}","templated":true}]}}